{"id":153,"date":"2023-02-23T14:42:40","date_gmt":"2023-02-23T14:42:40","guid":{"rendered":"https:\/\/chastete-controlee.eu\/?page_id=153"},"modified":"2024-01-17T09:46:58","modified_gmt":"2024-01-17T09:46:58","slug":"materiel-et-accessoires","status":"publish","type":"page","link":"https:\/\/chastete-controlee.eu\/?page_id=153","title":{"rendered":"Mat\u00e9riel et accessoires"},"content":{"rendered":"\n<p>La chastet\u00e9 contr\u00f4l\u00e9e ou CMC n&#8217;est pas du BDSM. Dans le BDSM les accessoires, le mat\u00e9riel, l&#8217;habillement sont au centre des activit\u00e9s. Dans la CMC les accessoires sont vraiment des accessoires au service de la sexualit\u00e9 et du plaisir. Hormis naturellement pour la gage de chastet\u00e9, ils sont utilis\u00e9s marginalement mais ils peuvent ajouter un piment important. <\/p>\n\n\n\n<p>Nous vous proposons donc quelques id\u00e9es propres \u00e0 sublimer la domination de Madame et la frustration de monsieur.<\/p>\n\n\n\n<h2 class=\"wp-block-heading\">Les attaches de lit<\/h2>\n\n\n\n<figure class=\"wp-block-embed is-type-wp-embed is-provider-chastete-controlee-eu wp-block-embed-chastete-controlee-eu\"><div class=\"wp-block-embed__wrapper\">\n<blockquote class=\"wp-embedded-content\" data-secret=\"VIliecfdPD\"><a href=\"https:\/\/chastete-controlee.eu\/?p=158\">Les attaches de lit<\/a><\/blockquote><iframe loading=\"lazy\" class=\"wp-embedded-content\" sandbox=\"allow-scripts\" security=\"restricted\" style=\"position: absolute; clip: rect(1px, 1px, 1px, 1px);\" title=\"&#8220;&lt;strong&gt;Les attaches de lit&lt;\/strong&gt;&#8221; &#8212; chastete-controlee.eu\" src=\"https:\/\/chastete-controlee.eu\/?p=158&#038;embed=true#?secret=KAiYNbKRRR#?secret=VIliecfdPD\" data-secret=\"VIliecfdPD\" width=\"600\" height=\"338\" frameborder=\"0\" marginwidth=\"0\" marginheight=\"0\" scrolling=\"no\"><\/iframe>\n<\/div><\/figure>\n\n\n\n<h2 class=\"wp-block-heading\">Le Face Strap-on<\/h2>\n\n\n\n<p>Plusieurs types, par exemple ces deux-l\u00e0 :<\/p>\n\n\n\n<figure class=\"wp-block-image size-full\"><img loading=\"lazy\" decoding=\"async\" width=\"604\" height=\"267\" src=\"https:\/\/chastete-controlee.eu\/wp-content\/uploads\/2023\/05\/image-19.png\" alt=\"\" class=\"wp-image-483\" srcset=\"https:\/\/chastete-controlee.eu\/wp-content\/uploads\/2023\/05\/image-19.png 604w, https:\/\/chastete-controlee.eu\/wp-content\/uploads\/2023\/05\/image-19-300x133.png 300w\" sizes=\"(max-width: 604px) 100vw, 604px\" \/><\/figure>\n\n\n\n<p>Lisez l&#8217;article ci-dessous pour faire votre choix.<\/p>\n\n\n\n<figure class=\"wp-block-embed is-type-wp-embed is-provider-chastete-controlee-eu wp-block-embed-chastete-controlee-eu\"><div class=\"wp-block-embed__wrapper\">\n<blockquote class=\"wp-embedded-content\" data-secret=\"1sQCKPl8cb\"><a href=\"https:\/\/chastete-controlee.eu\/?p=478\">Fais ton job et tais-toi !<\/a><\/blockquote><iframe loading=\"lazy\" class=\"wp-embedded-content\" sandbox=\"allow-scripts\" security=\"restricted\" style=\"position: absolute; clip: rect(1px, 1px, 1px, 1px);\" title=\"&#8220;Fais ton job et tais-toi !&#8221; &#8212; chastete-controlee.eu\" src=\"https:\/\/chastete-controlee.eu\/?p=478&#038;embed=true#?secret=5iDMwMwwbZ#?secret=1sQCKPl8cb\" data-secret=\"1sQCKPl8cb\" width=\"600\" height=\"338\" frameborder=\"0\" marginwidth=\"0\" marginheight=\"0\" scrolling=\"no\"><\/iframe>\n<\/div><\/figure>\n\n\n\n<h2 class=\"wp-block-heading\">Les cages de chastet\u00e9<\/h2>\n\n\n\n<p>J&#8217;ai fait un article qui permet de vous faire part de notre exp\u00e9rience avec les cages de chastet\u00e9 du march\u00e9. Ce que j&#8217;en pense, mais aussi et surtout ce qu&#8217;il en pense. <\/p>\n\n\n\n<p>Apr\u00e8s tout c&#8217;est le premier concern\u00e9 !<\/p>\n\n\n\n<p>Vous le trouverez dans l&#8217;article ci-dessous :<\/p>\n\n\n\n<figure class=\"wp-block-embed is-type-wp-embed is-provider-chastete-controlee-eu wp-block-embed-chastete-controlee-eu\"><div class=\"wp-block-embed__wrapper\">\n<blockquote class=\"wp-embedded-content\" data-secret=\"NxAGhTSlqL\"><a href=\"https:\/\/chastete-controlee.eu\/?p=929\">Comparatif technique de nos cages : une interview de l&#8217;encag\u00e9<\/a><\/blockquote><iframe loading=\"lazy\" class=\"wp-embedded-content\" sandbox=\"allow-scripts\" security=\"restricted\" style=\"position: absolute; clip: rect(1px, 1px, 1px, 1px);\" title=\"&#8220;Comparatif technique de nos cages : une interview de l&#8217;encag\u00e9&#8221; &#8212; chastete-controlee.eu\" src=\"https:\/\/chastete-controlee.eu\/?p=929&#038;embed=true#?secret=a2FAxcvvbU#?secret=NxAGhTSlqL\" data-secret=\"NxAGhTSlqL\" width=\"600\" height=\"338\" frameborder=\"0\" marginwidth=\"0\" marginheight=\"0\" scrolling=\"no\"><\/iframe>\n<\/div><\/figure>\n\n\n\n<h2 class=\"wp-block-heading\">Les retardateurs d&#8217;\u00e9jaculation<\/h2>\n\n\n\n<p>Il n&#8217;a pas joui depuis longtemps, soyez prudente, cela pourrait partir tr\u00e8s vite<\/p>\n\n\n\n<p>Des solutions existent :<\/p>\n\n\n\n<figure class=\"wp-block-embed is-type-wp-embed is-provider-chastete-controlee-eu wp-block-embed-chastete-controlee-eu\"><div class=\"wp-block-embed__wrapper\">\n<blockquote class=\"wp-embedded-content\" data-secret=\"XcQwnjT9gZ\"><a href=\"https:\/\/chastete-controlee.eu\/?p=1254\">Prudence, prudence !<\/a><\/blockquote><iframe loading=\"lazy\" class=\"wp-embedded-content\" sandbox=\"allow-scripts\" security=\"restricted\" style=\"position: absolute; clip: rect(1px, 1px, 1px, 1px);\" title=\"&#8220;Prudence, prudence !&#8221; &#8212; chastete-controlee.eu\" src=\"https:\/\/chastete-controlee.eu\/?p=1254&#038;embed=true#?secret=CZwB499s7w#?secret=XcQwnjT9gZ\" data-secret=\"XcQwnjT9gZ\" width=\"600\" height=\"338\" frameborder=\"0\" marginwidth=\"0\" marginheight=\"0\" scrolling=\"no\"><\/iframe>\n<\/div><\/figure>\n\n\n\n<h2 class=\"wp-block-heading\">Le strap-on<\/h2>\n\n\n\n<p>Quand vous voulez pratiquer le pegging pour \u00eatre celle qui p\u00e9n\u00e8tre. Ou quand vous avez besoin de p\u00e9n\u00e9tration mais sans le sortir de sa cage pour ne pas g\u00e2cher son ardeur due \u00e0 la frustration.<\/p>\n\n\n\n<p>Une solution : le strap-on<\/p>\n\n\n\n<figure class=\"wp-block-embed is-type-wp-embed is-provider-chastete-controlee-eu wp-block-embed-chastete-controlee-eu\"><div class=\"wp-block-embed__wrapper\">\n<blockquote class=\"wp-embedded-content\" data-secret=\"A6BRHGgSoc\"><a href=\"https:\/\/chastete-controlee.eu\/?p=270\">Le strap-on ou gode-ceinture<\/a><\/blockquote><iframe loading=\"lazy\" class=\"wp-embedded-content\" sandbox=\"allow-scripts\" security=\"restricted\" style=\"position: absolute; clip: rect(1px, 1px, 1px, 1px);\" title=\"&#8220;Le strap-on ou gode-ceinture&#8221; &#8212; chastete-controlee.eu\" src=\"https:\/\/chastete-controlee.eu\/?p=270&#038;embed=true#?secret=lvk11QoxW5#?secret=A6BRHGgSoc\" data-secret=\"A6BRHGgSoc\" width=\"600\" height=\"338\" frameborder=\"0\" marginwidth=\"0\" marginheight=\"0\" scrolling=\"no\"><\/iframe>\n<\/div><\/figure>\n\n\n\n<h2 class=\"wp-block-heading\">Le b\u00e2illon<\/h2>\n\n\n\n<p>Utile pour ne pas l&#8217;entendre r\u00e2ler lorsqu&#8217;il est au maximum de sa frustration. <\/p>\n\n\n\n<p>Mais c&#8217;est aussi un puissant symbole pour son mental. La parole, c&#8217;est quand m\u00eame ce qui est le plus essentiel chez l&#8217;humain (presque autant que le sexe pour les males !)<\/p>\n\n\n\n<p>J&#8217;\u00e9voque les diff\u00e9rents types de b\u00e2illons ici :<\/p>\n\n\n\n<figure class=\"wp-block-embed is-type-wp-embed is-provider-chastete-controlee-eu wp-block-embed-chastete-controlee-eu\"><div class=\"wp-block-embed__wrapper\">\n<blockquote class=\"wp-embedded-content\" data-secret=\"kKg71sfGFR\"><a href=\"https:\/\/chastete-controlee.eu\/?p=1287\">Je ne veux pas t&#8217;entendre !<\/a><\/blockquote><iframe loading=\"lazy\" class=\"wp-embedded-content\" sandbox=\"allow-scripts\" security=\"restricted\" style=\"position: absolute; clip: rect(1px, 1px, 1px, 1px);\" title=\"&#8220;Je ne veux pas t&#8217;entendre !&#8221; &#8212; chastete-controlee.eu\" src=\"https:\/\/chastete-controlee.eu\/?p=1287&#038;embed=true#?secret=c3zlTe7v89#?secret=kKg71sfGFR\" data-secret=\"kKg71sfGFR\" width=\"600\" height=\"338\" frameborder=\"0\" marginwidth=\"0\" marginheight=\"0\" scrolling=\"no\"><\/iframe>\n<\/div><\/figure>\n\n\n\n<h2 class=\"wp-block-heading\">Le Magic Wand<\/h2>\n\n\n\n<figure class=\"wp-block-embed is-type-wp-embed is-provider-chastete-controlee-eu wp-block-embed-chastete-controlee-eu\"><div class=\"wp-block-embed__wrapper\">\n<blockquote class=\"wp-embedded-content\" data-secret=\"f2270jRlu2\"><a href=\"https:\/\/chastete-controlee.eu\/?p=1301\">Magique Magic Wand<\/a><\/blockquote><iframe loading=\"lazy\" class=\"wp-embedded-content\" sandbox=\"allow-scripts\" security=\"restricted\" style=\"position: absolute; clip: rect(1px, 1px, 1px, 1px);\" title=\"&#8220;Magique Magic Wand&#8221; &#8212; chastete-controlee.eu\" src=\"https:\/\/chastete-controlee.eu\/?p=1301&#038;embed=true#?secret=gKQBK9Jad6#?secret=f2270jRlu2\" data-secret=\"f2270jRlu2\" width=\"600\" height=\"338\" frameborder=\"0\" marginwidth=\"0\" marginheight=\"0\" scrolling=\"no\"><\/iframe>\n<\/div><\/figure>\n\n\n\n<h2 class=\"wp-block-heading\">Le b\u00e2illon bouche<\/h2>\n\n\n\n<p>Hilarant pour moi, assez humiliant pour lui, et plein de possibilit\u00e9s<\/p>\n\n\n\n<figure class=\"wp-block-embed is-type-wp-embed is-provider-chastete-controlee-eu wp-block-embed-chastete-controlee-eu\"><div class=\"wp-block-embed__wrapper\">\n<blockquote class=\"wp-embedded-content\" data-secret=\"LJVxlrPzmx\"><a href=\"https:\/\/chastete-controlee.eu\/?p=1729\">J&#8217;ai honte !<\/a><\/blockquote><iframe loading=\"lazy\" class=\"wp-embedded-content\" sandbox=\"allow-scripts\" security=\"restricted\" style=\"position: absolute; clip: rect(1px, 1px, 1px, 1px);\" title=\"&#8220;J&#8217;ai honte !&#8221; &#8212; chastete-controlee.eu\" src=\"https:\/\/chastete-controlee.eu\/?p=1729&#038;embed=true#?secret=6aIOpyIPZu#?secret=LJVxlrPzmx\" data-secret=\"LJVxlrPzmx\" width=\"600\" height=\"338\" frameborder=\"0\" marginwidth=\"0\" marginheight=\"0\" scrolling=\"no\"><\/iframe>\n<\/div><\/figure>\n","protected":false},"excerpt":{"rendered":"<p>La chastet\u00e9 contr\u00f4l\u00e9e ou CMC n&#8217;est pas du BDSM. Dans le BDSM les accessoires, le mat\u00e9riel, l&#8217;habillement sont au centre des activit\u00e9s. Dans la CMC les accessoires sont vraiment des accessoires au service de la sexualit\u00e9 et du plaisir. Hormis naturellement pour la gage de chastet\u00e9, ils sont utilis\u00e9s marginalement mais ils peuvent ajouter un&#8230;<\/p>\n","protected":false},"author":1,"featured_media":0,"parent":0,"menu_order":0,"comment_status":"closed","ping_status":"closed","template":"","meta":{"om_disable_all_campaigns":false,"_monsterinsights_skip_tracking":false,"_monsterinsights_sitenote_active":false,"_monsterinsights_sitenote_note":"","_monsterinsights_sitenote_category":0,"_kadence_starter_templates_imported_post":false,"_kad_post_transparent":"","_kad_post_title":"","_kad_post_layout":"right","_kad_post_sidebar_id":"","_kad_post_content_style":"","_kad_post_vertical_padding":"","_kad_post_feature":"","_kad_post_feature_position":"","_kad_post_header":false,"_kad_post_footer":false,"_kad_post_classname":"","footnotes":""},"class_list":["post-153","page","type-page","status-publish","hentry"],"aioseo_notices":[],"_links":{"self":[{"href":"https:\/\/chastete-controlee.eu\/index.php?rest_route=\/wp\/v2\/pages\/153"}],"collection":[{"href":"https:\/\/chastete-controlee.eu\/index.php?rest_route=\/wp\/v2\/pages"}],"about":[{"href":"https:\/\/chastete-controlee.eu\/index.php?rest_route=\/wp\/v2\/types\/page"}],"author":[{"embeddable":true,"href":"https:\/\/chastete-controlee.eu\/index.php?rest_route=\/wp\/v2\/users\/1"}],"replies":[{"embeddable":true,"href":"https:\/\/chastete-controlee.eu\/index.php?rest_route=%2Fwp%2Fv2%2Fcomments&post=153"}],"version-history":[{"count":9,"href":"https:\/\/chastete-controlee.eu\/index.php?rest_route=\/wp\/v2\/pages\/153\/revisions"}],"predecessor-version":[{"id":1735,"href":"https:\/\/chastete-controlee.eu\/index.php?rest_route=\/wp\/v2\/pages\/153\/revisions\/1735"}],"wp:attachment":[{"href":"https:\/\/chastete-controlee.eu\/index.php?rest_route=%2Fwp%2Fv2%2Fmedia&parent=153"}],"curies":[{"name":"wp","href":"https:\/\/api.w.org\/{rel}","templated":true}]}}