{"id":137,"date":"2023-02-23T10:45:24","date_gmt":"2023-02-23T10:45:24","guid":{"rendered":"https:\/\/chastete-controlee.eu\/?page_id=137"},"modified":"2025-06-18T14:25:51","modified_gmt":"2025-06-18T14:25:51","slug":"ouvrages-sur-la-cmc","status":"publish","type":"page","link":"https:\/\/chastete-controlee.eu\/?page_id=137","title":{"rendered":"Ouvrages sur la CMC"},"content":{"rendered":"\n<p>Voici une liste de livres \u00e9lectroniques ou reli\u00e9s papier qui correspondent \u00e0 nos standards et \u00e0 nos pratiques. Certains peuvent  moins correspondre \u00e0 des pratiques r\u00e9alisables et peuvent donc \u00eatre plus fantasmatiques. Mais ils restent dans les limites que nous nous sommes fix\u00e9es.<\/p>\n\n\n\n<p>Commen\u00e7ons par notre livre &#8220;<strong><em>Challenge conjuga<\/em><\/strong><em><strong>l,<\/strong> la cage de chastet\u00e9 pour booster la libido de notre couple&#8221; <\/em>\u00e9crit par nous deux :<\/p>\n\n\n\n<p>Ce r\u00e9cit, \u00e9crit \u00e0 quatre mains, raconte de mani\u00e8re \u00e0 peine romanc\u00e9e comment nous avons d\u00e9couvert et adopt\u00e9 les jeux de chastet\u00e9 masculine contr\u00f4l\u00e9e.<br>Avec ce petit accessoire magique qu\u2019est la cage de chastet\u00e9, le contr\u00f4le des orgasmes de monsieur a permis un r\u00e9\u00e9quilibrage extraordinaire de la libido dans notre couple. <\/p>\n\n\n\n<p>Cela a \u00e9t\u00e9 l\u2019occasion pour moi de d\u00e9couvrir, d\u00e9barrass\u00e9e de toute pression m\u00e2le, ces facettes que je n\u2019avais jamais explor\u00e9es du plaisir f\u00e9minin. <\/p>\n\n\n\n<p>Cela a \u00e9t\u00e9 pour lui la possibilit\u00e9 de faire l\u2019apprentissage de la mont\u00e9e longue vers le d\u00e9sir et de sensations in\u00e9dites dans l\u2019ensemble de son corps.<br>La CMC est un booster incroyable pour renouveler, \u00e0 tout \u00e2ge, amour et d\u00e9sir dans le couple.<\/p>\n\n\n\n<figure class=\"wp-block-image size-full is-resized\"><img loading=\"lazy\" decoding=\"async\" width=\"595\" height=\"893\" src=\"https:\/\/chastete-controlee.eu\/wp-content\/uploads\/2024\/07\/image-21.png\" alt=\"\" class=\"wp-image-2595\" style=\"width:350px;height:auto\" srcset=\"https:\/\/chastete-controlee.eu\/wp-content\/uploads\/2024\/07\/image-21.png 595w, https:\/\/chastete-controlee.eu\/wp-content\/uploads\/2024\/07\/image-21-200x300.png 200w\" sizes=\"(max-width: 595px) 100vw, 595px\" \/><\/figure>\n\n\n\n<p>Disponible sous forme \u00e9lectronique ou broch\u00e9 (tr\u00e8s bel ouvrage de 164 pages !)<\/p>\n\n\n\n<p>Vous pouvez vous le procurer <a href=\"https:\/\/www.amazon.fr\/dp\/B0D9N9VTKV\" target=\"_blank\" rel=\"noopener\" title=\"\">ici <\/a>: https:\/\/www.amazon.fr\/dp\/B0D9N9VTKV <\/p>\n\n\n\n<p>J&#8217;esp\u00e8re que vous en appr\u00e9cierez le style et la forme. <\/p>\n\n\n\n<p>Vous pouvez en lire un extrait <a href=\"https:\/\/chastete-controlee.eu\/?p=2619\" target=\"_blank\" rel=\"noopener\" title=\"\">ici<\/a><\/p>\n\n\n\n<h2 class=\"wp-block-heading\">Mon deuxi\u00e8me ouvrage<\/h2>\n\n\n\n<figure class=\"wp-block-image size-large is-resized\"><img loading=\"lazy\" decoding=\"async\" width=\"683\" height=\"1024\" src=\"https:\/\/chastete-controlee.eu\/wp-content\/uploads\/2025\/06\/image-4-683x1024.png\" alt=\"\" class=\"wp-image-2725\" style=\"width:475px;height:auto\" srcset=\"https:\/\/chastete-controlee.eu\/wp-content\/uploads\/2025\/06\/image-4-683x1024.png 683w, https:\/\/chastete-controlee.eu\/wp-content\/uploads\/2025\/06\/image-4-200x300.png 200w, https:\/\/chastete-controlee.eu\/wp-content\/uploads\/2025\/06\/image-4-768x1151.png 768w, https:\/\/chastete-controlee.eu\/wp-content\/uploads\/2025\/06\/image-4.png 1000w\" sizes=\"(max-width: 683px) 100vw, 683px\" \/><\/figure>\n\n\n\n<p>Je dis MON car s&#8217;il y a particip\u00e9 naturellement pour me dire ce qu&#8217;il avait ressenti, c&#8217;est essentiellement moi qui l&#8217;ai \u00e9crit. Il est sans doute un peu plus appuy\u00e9 sur la psychologie et les \u00e9tats d&#8217;\u00e2me des protagonistes. Mais c&#8217;est mon temp\u00e9rament.<\/p>\n\n\n\n<p>Voici le pitch :<\/p>\n\n\n\n<p><em>La cage de chastet\u00e9 s\u2019invite un peu par hasard dans la crise conjugale que vivent Claire et Julien. Sans la pression du sexe de Julien, c\u2019est l\u2019occasion pour Claire de d\u00e9couvrir des jouissances in\u00e9dites et de prendre en main sa sexualit\u00e9. Quant \u00e0 Julien, il convient qu\u2019il doit expier ses mauvaises manies. Mais il d\u00e9couvre \u00e9galement la jouissance de l\u2019attente, du teasing et du d\u00e9ni. L\u2019amour se r\u00e9invite alors dans leur couple pour une nouvelle vie.<\/em><\/p>\n\n\n\n<p>Pour les femmes cela peut \u00eatre du d\u00e9couverte de ce que l&#8217;on peut ressentir, sans rien cacher des h\u00e9sitations et scrupules qui peuvent nous envahir parfois du fait de notre \u00e9ducation. Mais c&#8217;est aussi une d\u00e9couverte des plaisirs inou\u00efs que l&#8217;on peut ressentir lorsque l&#8217;on prend le contr\u00f4le de notre sexualit\u00e9 en prenant le contr\u00f4le de sa sexualit\u00e9 \u00e0 eux. Et c&#8217;est aussi une d\u00e9couverte DU PLAISIR. Car, croyez-moi, on n&#8217;a jamais connu autant d&#8217;orgasmes avant d&#8217;avancer dans la chastet\u00e9 masculine contr\u00f4l\u00e9e par une femme. <\/p>\n\n\n\n<p>Pour vous les hommes qui me liront, vous verrez comment un homme peut se perdre dans le plaisir de la frustration. Et dans le plaisir du plaisir de sa femme. <\/p>\n\n\n\n<p>Cela peut peut-\u00eatre vous para\u00eetre paradoxal, mais essayez !<\/p>\n\n\n\n<p>Donnez le contr\u00f4le \u00e0 votre femme et vous ne reviendrez pas en arri\u00e8re. <\/p>\n\n\n\n<p>Voici les liens pour acheter ce livre sur Amazon :<\/p>\n\n\n\n<p><a href=\"https:\/\/www.amazon.fr\/dp\/B0FCXSJ1B5\">https:\/\/www.amazon.fr\/dp\/B0FCXSJ1B5<\/a><\/p>\n\n\n\n<p><a href=\"https:\/\/www.amazon.fr\/dp\/B0FCSL7L8R\">https:\/\/www.amazon.fr\/dp\/B0FCSL7L8R<\/a><\/p>\n\n\n\n<p><\/p>\n\n\n\n<p><strong>Continuons ensuite par nos ouvrages \u00e9crits sous le pseudo John HEROE :<\/strong><\/p>\n\n\n\n<figure class=\"wp-block-image size-full is-resized\"><img loading=\"lazy\" decoding=\"async\" width=\"345\" height=\"526\" src=\"https:\/\/chastete-controlee.eu\/wp-content\/uploads\/2023\/02\/Locktober-22.png\" alt=\"\" class=\"wp-image-138\" style=\"width:271px;height:413px\" srcset=\"https:\/\/chastete-controlee.eu\/wp-content\/uploads\/2023\/02\/Locktober-22.png 345w, https:\/\/chastete-controlee.eu\/wp-content\/uploads\/2023\/02\/Locktober-22-197x300.png 197w\" sizes=\"(max-width: 345px) 100vw, 345px\" \/><\/figure>\n\n\n\n<p><strong>Ecrits par lui sous le pseudo de John HEROE et revus par Princesse<\/strong><\/p>\n\n\n\n<p><strong>Le journal 100% authentique d\u2019un jeu de chastet\u00e9 masculine contr\u00f4l\u00e9e<\/strong><\/p>\n\n\n\n<p>Ce journal retrace au jour le jour notre dernier jeu durant Locktober 2022, le mois de la chastet\u00e9 contr\u00f4l\u00e9e<\/p>\n\n\n\n<p>Ma compagne et moi sommes adeptes de jeux de chastet\u00e9 contr\u00f4l\u00e9e. Durant le jeu, elle est la keyholder, celle qui d\u00e9tient la cl\u00e9 de la cage de chastet\u00e9 que je porte durant une p\u00e9riode dont elle seule conna\u00eet la dur\u00e9e. Ce n\u2019est qu\u2019elle qui peut d\u00e9cider de lib\u00e9rer mon sexe de la cage et en cela elle d\u00e9tient un immense pouvoir. D\u2019autant que durant le jeu, elle prend un malin plaisir \u00e0 m\u2019exciter par des s\u00e9ances de Tease &amp; denial infernales durant lesquelles ma frustration sexuelle et mon d\u00e9sir sont port\u00e9s au plus haut point.<br>De son c\u00f4t\u00e9, elle peut user et abuser de son pouvoir. Si je veux pouvoir \u00eatre lib\u00e9r\u00e9, je me dois de lui plaire en accomplissant la plupart des t\u00e2ches m\u00e9nag\u00e8res et je me pr\u00eate \u00e0 chacune de ses<br>fantaisies. Elle exige de multiples s\u00e9ances de caresses, de massages, de mont\u00e9es d\u2019orgasme, 9 fois sur 10 \u00e0 sens unique.<br>Par exception, elle consentira parfois \u00e0 un orgasme ruin\u00e9, la plus frustrante des jouissances pour un homme.<br><\/p>\n\n\n\n<p>En vente chez Amazon :<\/p>\n\n\n\n<figure class=\"wp-block-embed is-type-rich is-provider-amazon wp-block-embed-amazon\"><div class=\"wp-block-embed__wrapper\">\n<iframe loading=\"lazy\" title=\"Locktober 2022: Le journal 100% authentique d\u2019un jeu de chastet\u00e9 masculine contr\u00f4l\u00e9e\" type=\"text\/html\" width=\"720\" height=\"550\" frameborder=\"0\" allowfullscreen style=\"max-width:100%\" src=\"https:\/\/lire.amazon.fr\/kp\/card?preview=inline&#038;linkCode=kpd&#038;ref_=k4w_oembed_OsfgVAXAWOdcO6&#038;asin=B0BPG8BPMN&#038;tag=kpembed-20\"><\/iframe>\n<\/div><\/figure>\n\n\n\n<ul class=\"wp-block-list\">\n<li>sous forme broch\u00e9e<\/li>\n\n\n\n<li>ou de livre \u00e9lectronique (disponible en emprunt avec l\u2019abonnement Kindle)<\/li>\n<\/ul>\n\n\n\n<h1 class=\"wp-block-heading\">Le carnet rouge<\/h1>\n\n\n\n<p><strong>Dans la spirale de la chastet\u00e9 contr\u00f4l\u00e9e<\/strong><\/p>\n\n\n\n<figure class=\"wp-block-image size-large is-resized\"><img loading=\"lazy\" decoding=\"async\" width=\"683\" height=\"1024\" src=\"https:\/\/chastete-controlee.eu\/wp-content\/uploads\/2023\/02\/image-16-683x1024.png\" alt=\"\" class=\"wp-image-139\" style=\"width:207px;height:310px\" srcset=\"https:\/\/chastete-controlee.eu\/wp-content\/uploads\/2023\/02\/image-16-683x1024.png 683w, https:\/\/chastete-controlee.eu\/wp-content\/uploads\/2023\/02\/image-16-200x300.png 200w, https:\/\/chastete-controlee.eu\/wp-content\/uploads\/2023\/02\/image-16-768x1152.png 768w, https:\/\/chastete-controlee.eu\/wp-content\/uploads\/2023\/02\/image-16.png 1000w\" sizes=\"(max-width: 683px) 100vw, 683px\" \/><\/figure>\n\n\n\n<p>Un roman plus fantasmatique, assez loin des jeux consensuels de la Princesse et de lui<\/p>\n\n\n\n<p>Le r\u00e9cit initiatique d\u2019une plong\u00e9e dans l\u2019univers de la domination f\u00e9minine et de la chastet\u00e9 forc\u00e9e dans le couple.<br>Le narrateur, apr\u00e8s avoir initi\u00e9 lui-m\u00eame des jeux dans lesquels il se retrouve soumis \u00e0 sa Princesse, se retrouve pris dans une spirale infernale o\u00f9 il ne ma\u00eetrise plus rien, enferm\u00e9 dans le plus horrible des carcans, une cage en acier qui lui enferme le sexe.<br>Un livre qui peut se \u201clire \u00e0 une main\u201d avec de nombreuses sc\u00e8nes \u00e9rotiques, mais dont l\u2019\u00e9criture soutenue permet \u00e9galement de se plonger dans l\u2019univers intime de celui qui a choisi de se livrer corps et \u00e2me dans ce type de relations.<\/p>\n\n\n\n<figure class=\"wp-block-embed is-type-rich is-provider-amazon wp-block-embed-amazon\"><div class=\"wp-block-embed__wrapper\">\n<iframe loading=\"lazy\" title=\"Le carnet rouge: Dans la spirale de la chastet\u00e9 contr\u00f4l\u00e9e\" type=\"text\/html\" width=\"720\" height=\"550\" frameborder=\"0\" allowfullscreen style=\"max-width:100%\" src=\"https:\/\/lire.amazon.fr\/kp\/card?preview=inline&#038;linkCode=kpd&#038;ref_=k4w_oembed_V0kcKCt232bdCi&#038;asin=B09XZD7B7F&#038;tag=kpembed-20\"><\/iframe>\n<\/div><\/figure>\n\n\n\n<p>En vente<\/p>\n\n\n\n<p>En vente chez Amazon<\/p>\n\n\n\n<ul class=\"wp-block-list\">\n<li>sous forme broch\u00e9e<\/li>\n\n\n\n<li>ou de livre \u00e9lectronique (disponible en emprunt avec l\u2019abonnement Kindle)\n<ul class=\"wp-block-list\">\n<li><\/li>\n<\/ul>\n<\/li>\n<\/ul>\n\n\n\n<p><\/p>\n","protected":false},"excerpt":{"rendered":"<p>Voici une liste de livres \u00e9lectroniques ou reli\u00e9s papier qui correspondent \u00e0 nos standards et \u00e0 nos pratiques. Certains peuvent moins correspondre \u00e0 des pratiques r\u00e9alisables et peuvent donc \u00eatre plus fantasmatiques. Mais ils restent dans les limites que nous nous sommes fix\u00e9es. Commen\u00e7ons par notre livre &#8220;Challenge conjugal, la cage de chastet\u00e9 pour booster&#8230;<\/p>\n","protected":false},"author":1,"featured_media":0,"parent":0,"menu_order":0,"comment_status":"closed","ping_status":"closed","template":"","meta":{"om_disable_all_campaigns":false,"_monsterinsights_skip_tracking":false,"_monsterinsights_sitenote_active":false,"_monsterinsights_sitenote_note":"","_monsterinsights_sitenote_category":0,"_kadence_starter_templates_imported_post":false,"_kad_post_transparent":"","_kad_post_title":"","_kad_post_layout":"","_kad_post_sidebar_id":"","_kad_post_content_style":"","_kad_post_vertical_padding":"","_kad_post_feature":"","_kad_post_feature_position":"","_kad_post_header":false,"_kad_post_footer":false,"_kad_post_classname":"","footnotes":""},"class_list":["post-137","page","type-page","status-publish","hentry"],"aioseo_notices":[],"_links":{"self":[{"href":"https:\/\/chastete-controlee.eu\/index.php?rest_route=\/wp\/v2\/pages\/137"}],"collection":[{"href":"https:\/\/chastete-controlee.eu\/index.php?rest_route=\/wp\/v2\/pages"}],"about":[{"href":"https:\/\/chastete-controlee.eu\/index.php?rest_route=\/wp\/v2\/types\/page"}],"author":[{"embeddable":true,"href":"https:\/\/chastete-controlee.eu\/index.php?rest_route=\/wp\/v2\/users\/1"}],"replies":[{"embeddable":true,"href":"https:\/\/chastete-controlee.eu\/index.php?rest_route=%2Fwp%2Fv2%2Fcomments&post=137"}],"version-history":[{"count":5,"href":"https:\/\/chastete-controlee.eu\/index.php?rest_route=\/wp\/v2\/pages\/137\/revisions"}],"predecessor-version":[{"id":2726,"href":"https:\/\/chastete-controlee.eu\/index.php?rest_route=\/wp\/v2\/pages\/137\/revisions\/2726"}],"wp:attachment":[{"href":"https:\/\/chastete-controlee.eu\/index.php?rest_route=%2Fwp%2Fv2%2Fmedia&parent=137"}],"curies":[{"name":"wp","href":"https:\/\/api.w.org\/{rel}","templated":true}]}}