{"id":128,"date":"2023-02-22T16:39:32","date_gmt":"2023-02-22T16:39:32","guid":{"rendered":"https:\/\/chastete-controlee.eu\/?page_id=128"},"modified":"2023-07-03T11:41:26","modified_gmt":"2023-07-03T11:41:26","slug":"liens-conseilles","status":"publish","type":"page","link":"https:\/\/chastete-controlee.eu\/?page_id=128","title":{"rendered":"Liens conseill\u00e9s"},"content":{"rendered":"\n<p>Les liens suivants ont \u00e9t\u00e9 choisis en \u00e9vitant les sites promouvant violence, vulgarit\u00e9 et non-consentement<\/p>\n\n\n\n<p><a href=\"https:\/\/teasingquebecblog.wordpress.com\/\" target=\"_blank\" rel=\"noopener nofollow\" title=\"\">https:\/\/teasingquebecblog.wordpress.com\/<\/a><\/p>\n\n\n\n<figure class=\"wp-block-image size-large is-resized\"><img loading=\"lazy\" decoding=\"async\" src=\"https:\/\/chastete-controlee.eu\/wp-content\/uploads\/2023\/02\/image-14-1024x591.png\" alt=\"\" class=\"wp-image-130\" width=\"466\" height=\"269\" srcset=\"https:\/\/chastete-controlee.eu\/wp-content\/uploads\/2023\/02\/image-14-1024x591.png 1024w, https:\/\/chastete-controlee.eu\/wp-content\/uploads\/2023\/02\/image-14-300x173.png 300w, https:\/\/chastete-controlee.eu\/wp-content\/uploads\/2023\/02\/image-14-768x443.png 768w, https:\/\/chastete-controlee.eu\/wp-content\/uploads\/2023\/02\/image-14-1536x886.png 1536w, https:\/\/chastete-controlee.eu\/wp-content\/uploads\/2023\/02\/image-14-2048x1182.png 2048w\" sizes=\"(max-width: 466px) 100vw, 466px\" \/><\/figure>\n\n\n\n<p>Un site formidable de nos amis Canadiens Vicky et Antoine. <\/p>\n\n\n\n<p>Nous n&#8217;avons pas les m\u00eames pratiques, la chastet\u00e9 de trop long terme n&#8217;est pas pour nous, mais nous nous retrouvons dans beaucoup de choses : de l&#8217;\u00e9l\u00e9gance dans la pr\u00e9sentation, de l&#8217;amour, de l&#8217;humour et une extraordinaire sensualit\u00e9. Bref, tout ce que l&#8217;on aime dans la pratique de la chastet\u00e9 contr\u00f4l\u00e9e et du Teasing !<\/p>\n\n\n\n<p>Vous y trouverez une biblioth\u00e8que d&#8217;id\u00e9es infernales de teasing, des approches assez techniques pour d\u00e9buter, des histoires tr\u00e8s sensuelles. N&#8217;h\u00e9sitez pas \u00e0 fouiller dans les pages anciennes.<\/p>\n\n\n\n<p><a href=\"https:\/\/billytremblay.wixsite.com\/website\/blog\" target=\"_blank\" rel=\"noopener nofollow\" title=\"\">https:\/\/billytremblay.wixsite.com\/website\/blog<\/a><\/p>\n\n\n\n<figure class=\"wp-block-image size-full is-resized\"><img loading=\"lazy\" decoding=\"async\" src=\"https:\/\/chastete-controlee.eu\/wp-content\/uploads\/2023\/02\/image-13.png\" alt=\"\" class=\"wp-image-129\" width=\"202\" height=\"224\" srcset=\"https:\/\/chastete-controlee.eu\/wp-content\/uploads\/2023\/02\/image-13.png 764w, https:\/\/chastete-controlee.eu\/wp-content\/uploads\/2023\/02\/image-13-270x300.png 270w\" sizes=\"(max-width: 202px) 100vw, 202px\" \/><\/figure>\n\n\n\n<p>L\u00e0 encore un blog sur &#8220;La chastet\u00e9 raisonn\u00e9e&#8221; qui est bien fait et tr\u00e8s p\u00e9dagogique. Il pr\u00f4ne des relations consensuelles et pleines d&#8217;amour et de complicit\u00e9.<\/p>\n\n\n\n<p>Belle pr\u00e9sentation, bien \u00e9crit, bien illustr\u00e9.<\/p>\n\n\n\n<p>Un petit conseil, commencez par les pages les plus anciennes.<\/p>\n\n\n\n<p><strong>Trait blanc sur Tweeter : https:\/\/twitter.com\/trait_blanc<\/strong><\/p>\n\n\n\n<p><a href=\"https:\/\/twitter.com\/trait_blanc\" target=\"_blank\" rel=\"noopener nofollow\" title=\"\">https:\/\/twitter.com\/trait_blanc<\/a><\/p>\n\n\n\n<figure class=\"wp-block-image size-full is-resized\"><img loading=\"lazy\" decoding=\"async\" src=\"https:\/\/chastete-controlee.eu\/wp-content\/uploads\/2023\/02\/image-17.png\" alt=\"\" class=\"wp-image-143\" width=\"469\" height=\"267\" srcset=\"https:\/\/chastete-controlee.eu\/wp-content\/uploads\/2023\/02\/image-17.png 934w, https:\/\/chastete-controlee.eu\/wp-content\/uploads\/2023\/02\/image-17-300x171.png 300w, https:\/\/chastete-controlee.eu\/wp-content\/uploads\/2023\/02\/image-17-768x437.png 768w\" sizes=\"(max-width: 469px) 100vw, 469px\" \/><\/figure>\n\n\n\n<p>Un compte tweeter qui propose 2 \u00e0 3 fois par semaine des images l\u00e9gend\u00e9es relatives \u00e0 la domination f\u00e9minine et \u00e0 la chastet\u00e9. <\/p>\n\n\n\n<p>Un beau travail sur l&#8217;esth\u00e9tique, le langage et un certain humour, un abonnement Tweeter indispensable pour les amoureux de la CMC !<\/p>\n\n\n\n<p>Je dois avouer qu&#8217;il m&#8217;a inspir\u00e9.<\/p>\n\n\n\n<p><a href=\"http:\/\/lepeggingamoureux.eklablog.com\" target=\"_blank\" rel=\"noopener\" title=\"\">http:\/\/lepeggingamoureux.eklablog.com<\/a><\/p>\n\n\n\n<figure class=\"wp-block-image size-large\"><img loading=\"lazy\" decoding=\"async\" width=\"1024\" height=\"270\" src=\"https:\/\/chastete-controlee.eu\/wp-content\/uploads\/2023\/07\/image-6-1024x270.png\" alt=\"\" class=\"wp-image-721\" srcset=\"https:\/\/chastete-controlee.eu\/wp-content\/uploads\/2023\/07\/image-6-1024x270.png 1024w, https:\/\/chastete-controlee.eu\/wp-content\/uploads\/2023\/07\/image-6-300x79.png 300w, https:\/\/chastete-controlee.eu\/wp-content\/uploads\/2023\/07\/image-6-768x203.png 768w, https:\/\/chastete-controlee.eu\/wp-content\/uploads\/2023\/07\/image-6-1536x405.png 1536w, https:\/\/chastete-controlee.eu\/wp-content\/uploads\/2023\/07\/image-6.png 1830w\" sizes=\"(max-width: 1024px) 100vw, 1024px\" \/><\/figure>\n\n\n\n<p>Un blog qui parle de pegging. La p\u00e9n\u00e9tration de l&#8217;homme par la femme. De jeux en jeux, ils en sont venus \u00e0 essayer la chastet\u00e9 contr\u00f4l\u00e9e.<\/p>\n\n\n\n<p>Des c\u00f4t\u00e9s un tout petit peu hard lorsqu&#8217;on n&#8217;est pas adeptes, comme nous au d\u00e9part.<\/p>\n\n\n\n<p>Mais de l&#8217;humour, beaucoup d&#8217;humour de la part d&#8217;Yvresse et de Songe<\/p>\n","protected":false},"excerpt":{"rendered":"<p>Les liens suivants ont \u00e9t\u00e9 choisis en \u00e9vitant les sites promouvant violence, vulgarit\u00e9 et non-consentement https:\/\/teasingquebecblog.wordpress.com\/ Un site formidable de nos amis Canadiens Vicky et Antoine. Nous n&#8217;avons pas les m\u00eames pratiques, la chastet\u00e9 de trop long terme n&#8217;est pas pour nous, mais nous nous retrouvons dans beaucoup de choses : de l&#8217;\u00e9l\u00e9gance dans la&#8230;<\/p>\n","protected":false},"author":1,"featured_media":0,"parent":0,"menu_order":0,"comment_status":"closed","ping_status":"closed","template":"","meta":{"om_disable_all_campaigns":false,"_monsterinsights_skip_tracking":false,"_monsterinsights_sitenote_active":false,"_monsterinsights_sitenote_note":"","_monsterinsights_sitenote_category":0,"_kadence_starter_templates_imported_post":false,"_kad_post_transparent":"","_kad_post_title":"","_kad_post_layout":"","_kad_post_sidebar_id":"","_kad_post_content_style":"","_kad_post_vertical_padding":"","_kad_post_feature":"","_kad_post_feature_position":"","_kad_post_header":false,"_kad_post_footer":false,"_kad_post_classname":"","footnotes":""},"class_list":["post-128","page","type-page","status-publish","hentry"],"aioseo_notices":[],"_links":{"self":[{"href":"https:\/\/chastete-controlee.eu\/index.php?rest_route=\/wp\/v2\/pages\/128"}],"collection":[{"href":"https:\/\/chastete-controlee.eu\/index.php?rest_route=\/wp\/v2\/pages"}],"about":[{"href":"https:\/\/chastete-controlee.eu\/index.php?rest_route=\/wp\/v2\/types\/page"}],"author":[{"embeddable":true,"href":"https:\/\/chastete-controlee.eu\/index.php?rest_route=\/wp\/v2\/users\/1"}],"replies":[{"embeddable":true,"href":"https:\/\/chastete-controlee.eu\/index.php?rest_route=%2Fwp%2Fv2%2Fcomments&post=128"}],"version-history":[{"count":9,"href":"https:\/\/chastete-controlee.eu\/index.php?rest_route=\/wp\/v2\/pages\/128\/revisions"}],"predecessor-version":[{"id":2799,"href":"https:\/\/chastete-controlee.eu\/index.php?rest_route=\/wp\/v2\/pages\/128\/revisions\/2799"}],"wp:attachment":[{"href":"https:\/\/chastete-controlee.eu\/index.php?rest_route=%2Fwp%2Fv2%2Fmedia&parent=128"}],"curies":[{"name":"wp","href":"https:\/\/api.w.org\/{rel}","templated":true}]}}